{"id":3841,"date":"2024-06-28T09:16:54","date_gmt":"2024-06-28T01:16:54","guid":{"rendered":"https:\/\/maihomedecor.com\/product\/venice-den-san-son-mai\/"},"modified":"2024-10-09T15:00:36","modified_gmt":"2024-10-09T07:00:36","slug":"venice-den-san-son-mai","status":"publish","type":"product","link":"https:\/\/www.maihomedecor.com\/vi\/san-pham\/venice-den-san-son-mai\/","title":{"rendered":"VENICE &#8211; \u0110\u00e8n S\u00e0n S\u01a1n M\u00e0i"},"content":{"rendered":"<p><span style=\"font-size: 105%;\"><strong>M\u00f4 t\u1ea3 s\u1ea3n ph\u1ea9m:<\/strong><\/span><br \/>\n&#8211; \u0110\u00e8n s\u00e0n s\u01a1n m\u00e0i \u0111en VENICE l\u1ea5y c\u1ea3m h\u1ee9ng t\u1eeb \u0111\u00e8n truy\u1ec1n th\u1ed1ng Nh\u1eadt B\u1ea3n nh\u01b0ng v\u1eabn gi\u1eef r\u00f5 n\u00e9t n\u00e9t ph\u01b0\u01a1ng T\u00e2y. S\u1ea3n ph\u1ea9m \u0111\u01b0\u1ee3c thi\u1ebft k\u1ebf \u0111\u1ec3 t\u1ea1o \u0111i\u1ec3m nh\u1ea5n phong c\u00e1ch cho ph\u00f2ng kh\u00e1ch, ph\u00f2ng \u0103n, h\u00e0nh lang ho\u1eb7c b\u1ea5t c\u1ee9 n\u01a1i n\u00e0o c\u1ea7n \u0111\u00e8n s\u00e0n cao v\u00e0 tho\u00e1ng. Thi\u1ebft k\u1ebf t\u1ed1i gi\u1ea3n v\u1edbi nh\u1eefng \u0111\u01b0\u1eddng th\u1eb3ng nh\u01b0ng h\u00e0i h\u00f2a, th\u1ec3 hi\u1ec7n s\u1ef1 k\u1ebft h\u1ee3p thi\u1ebft k\u1ebf n\u00e0y. B\u1ec7 \u0111\u00e8n v\u00e0 2 c\u1ed9t \u0111\u00e8n \u0111\u00f4i \u0111\u01b0\u1ee3c ho\u00e0n thi\u1ec7n b\u1eb1ng l\u1edbp s\u01a1n m\u00e0i \u0111en th\u1ee7 c\u00f4ng \u0111\u1eb9p m\u1eaft, trong khi ch\u1ee5p \u0111\u00e8n \u0111\u01b0\u1ee3c trang tr\u00ed b\u1eb1ng \u0111\u01b0\u1eddng vi\u1ec1n m\u00e0u \u0111en v\u00e0 l\u00e0m b\u1eb1ng v\u1ea3i cotton tr\u1eafng.<br \/>\n&#8211; VENICE \u0111\u01b0\u1ee3c l\u00e0m th\u1ee7 c\u00f4ng ho\u00e0n to\u00e0n t\u1ea1i nh\u00e0 m\u00e1y Mai Home Decor Vi\u1ec7t Nam b\u1edfi nh\u1eefng ng\u01b0\u1eddi th\u1ee3 s\u01a1n m\u00e0i l\u00e0nh ngh\u1ec1, s\u1eed d\u1ee5ng c\u00e1c c\u00f4ng c\u1ee5 v\u00e0 k\u1ef9 thu\u1eadt \u0111\u01b0\u1ee3c truy\u1ec1n l\u1ea1i v\u00e0 tinh ch\u1ec9nh t\u1eeb th\u1ebf h\u1ec7 n\u00e0y sang th\u1ebf h\u1ec7 kh\u00e1c.<\/p>\n<p><span style=\"font-size: 105%;\"><strong>Th\u00f4ng s\u1ed1 k\u1ef9 thu\u1eadt:<\/strong><\/span><br \/>\n&#8211; V\u1eadt li\u1ec7u: G\u1ed7 c\u00f4ng nghi\u1ec7p MDF, S\u01a1n m\u00e0i, V\u1ea3i cotton ph\u1ee7 PVC<br \/>\n&#8211; K\u00edch th\u01b0\u1edbc (W x D x H) : 450 x 280 x 1650 mm<br \/>\n&#8211; Kh\u00f4ng cung c\u1ea5p b\u00f3ng \u0111\u00e8n<br \/>\n&#8211; K\u1ebft c\u1ea5u \u0111i\u1ec7n, linh ki\u1ec7n \u0111i\u1ec7n v\u00e0 l\u1eafp r\u00e1p \u0111\u01b0\u1ee3c ch\u1ee9ng nh\u1eadn CE.<\/p>\n<div><span style=\"font-size: 105%;\"><strong>T\u01b0 v\u1ea5n v\u00e0 gi\u00e1 c\u1ea3:<\/strong><\/span><\/div>\n<div>&#8211; S\u1ea3n ph\u1ea9m n\u00e0y ch\u00fang t\u00f4i kh\u00f4ng c\u00f3 s\u1eb5n nh\u01b0ng c\u00f3 th\u1ec3 s\u1ea3n xu\u1ea5t theo \u0111\u01a1n \u0111\u1eb7t h\u00e0ng. Gi\u00e1 tr\u00ean ch\u01b0a bao g\u1ed3m chi ph\u00ed v\u1eadn chuy\u1ec3n v\u00e0 \u00e1p d\u1ee5ng cho s\u1ea3n xu\u1ea5t theo \u0111\u01a1n \u0111\u1eb7t h\u00e0ng s\u1ed1 l\u01b0\u1ee3ng 1 s\u1ea3n ph\u1ea9m.<br \/>\n&#8211; Vui l\u00f2ng t\u00ecm hi\u1ec3u v\u1ec1 c\u00e1c l\u1ef1a ch\u1ecdn c\u1ee7a ch\u00fang t\u00f4i \u0111\u1ec3 s\u1ea3n xu\u1ea5t theo \u0111\u01a1n \u0111\u1eb7t h\u00e0ng v\u00e0 t\u00f9y ch\u1ec9nh l\u1edbp ho\u00e0n thi\u1ec7n: ch\u00fang t\u00f4i s\u1ebd tr\u1ea3 l\u1eddi s\u1edbm.<br \/>\n&#8211; \u0110\u01b0\u1ee3c b\u00e1n b\u1edfi Mai Home D\u00e9cor Pte. Ltd. t\u1ea1i Singapore v\u00e0 \u0111\u01b0\u1ee3c v\u1eadn chuy\u1ec3n t\u1eeb nh\u00e0 m\u00e1y s\u01a1n m\u00e0i c\u1ee7a ch\u00fang t\u00f4i t\u1ea1i Vi\u1ec7t Nam.<\/div>\n","protected":false},"excerpt":{"rendered":"<p>M\u00f4 t\u1ea3 s\u1ea3n ph\u1ea9m: &#8211; \u0110\u00e8n s\u00e0n s\u01a1n m\u00e0i \u0111en VENICE l\u1ea5y c\u1ea3m h\u1ee9ng t\u1eeb \u0111\u00e8n truy\u1ec1n th\u1ed1ng Nh\u1eadt B\u1ea3n nh\u01b0ng v\u1eabn gi\u1eef r\u00f5 n\u00e9t n\u00e9t ph\u01b0\u01a1ng T\u00e2y. S\u1ea3n ph\u1ea9m \u0111\u01b0\u1ee3c thi\u1ebft k\u1ebf \u0111\u1ec3 t\u1ea1o \u0111i\u1ec3m nh\u1ea5n phong c\u00e1ch cho ph\u00f2ng kh\u00e1ch, ph\u00f2ng \u0103n, h\u00e0nh lang ho\u1eb7c b\u1ea5t c\u1ee9 n\u01a1i n\u00e0o c\u1ea7n \u0111\u00e8n s\u00e0n cao&#8230;<\/p>\n","protected":false},"featured_media":4886,"comment_status":"closed","ping_status":"closed","template":"","meta":[],"product_cat":[270,272],"product_tag":[408,344],"acf":[],"_links":{"self":[{"href":"https:\/\/www.maihomedecor.com\/vi\/wp-json\/wp\/v2\/product\/3841"}],"collection":[{"href":"https:\/\/www.maihomedecor.com\/vi\/wp-json\/wp\/v2\/product"}],"about":[{"href":"https:\/\/www.maihomedecor.com\/vi\/wp-json\/wp\/v2\/types\/product"}],"replies":[{"embeddable":true,"href":"https:\/\/www.maihomedecor.com\/vi\/wp-json\/wp\/v2\/comments?post=3841"}],"wp:featuredmedia":[{"embeddable":true,"href":"https:\/\/www.maihomedecor.com\/vi\/wp-json\/wp\/v2\/media\/4886"}],"wp:attachment":[{"href":"https:\/\/www.maihomedecor.com\/vi\/wp-json\/wp\/v2\/media?parent=3841"}],"wp:term":[{"taxonomy":"product_cat","embeddable":true,"href":"https:\/\/www.maihomedecor.com\/vi\/wp-json\/wp\/v2\/product_cat?post=3841"},{"taxonomy":"product_tag","embeddable":true,"href":"https:\/\/www.maihomedecor.com\/vi\/wp-json\/wp\/v2\/product_tag?post=3841"}],"curies":[{"name":"wp","href":"https:\/\/api.w.org\/{rel}","templated":true}]}}