{"id":3817,"date":"2024-05-13T06:49:50","date_gmt":"2024-05-12T22:49:50","guid":{"rendered":"https:\/\/maihomedecor.com\/product\/delicia-khay-son-mai\/"},"modified":"2025-03-06T14:11:30","modified_gmt":"2025-03-06T06:11:30","slug":"delicia-bac-la-son-mai-khay","status":"publish","type":"product","link":"https:\/\/www.maihomedecor.com\/vi\/san-pham\/delicia-bac-la-son-mai-khay\/","title":{"rendered":"DELICIA &#8211; Khay S\u01a1n M\u00e0i L\u00e1 B\u1ea1c"},"content":{"rendered":"<div><span style=\"font-size: 105%;\"><strong>M\u00f4 t\u1ea3 s\u1ea3n ph\u1ea9m:<\/strong><\/span><\/div>\n<div>&#8211; DELICIA l\u00e0 khay h\u00ecnh ch\u1eef nh\u1eadt \u0111\u1ed9c \u0111\u00e1o \u0111\u01b0\u1ee3c l\u00e0m b\u1eb1ng s\u01a1n m\u00e0i \u0111en v\u00e0 s\u01a1n m\u00e0i l\u00e1 b\u1ea1c Champagne c\u00f3 h\u1ecda ti\u1ebft. Phong c\u00e1ch v\u00e0 ch\u1ee9c n\u0103ng l\u00e0 c\u1ed1t l\u00f5i trong thi\u1ebft k\u1ebf c\u1ee7a n\u00f3. C\u00e1c b\u1ee9c t\u01b0\u1eddng b\u00ean cao b\u1eb1ng m\u1ed9t n\u1eeda t\u1ea1o ra c\u00e1c kho\u1ea3ng tr\u1ed1ng \u1edf ph\u00eda d\u01b0\u1edbi, \u0111\u00f3ng vai tr\u00f2 nh\u01b0 c\u00e1c tay c\u1ea7m &#8220;t\u1ef1 nhi\u00ean&#8221;. Thi\u1ebft k\u1ebf kh\u00f4ng c\u00f3 quai x\u00e1ch mang l\u1ea1i cho DELICIA v\u1ebb ngo\u00e0i t\u1ed1i gi\u1ea3n v\u00e0 thanh l\u1ecbch.<br \/>\n&#8211; S\u1ea3n ph\u1ea9m \u0111\u01b0\u1ee3c l\u00e0m th\u1ee7 c\u00f4ng ho\u00e0n to\u00e0n t\u1ea1i nh\u00e0 m\u00e1y Mai Home Decor Vi\u1ec7t Nam b\u1edfi nh\u1eefng ng\u01b0\u1eddi th\u1ee3 s\u01a1n m\u00e0i l\u00e0nh ngh\u1ec1, s\u1eed d\u1ee5ng c\u00e1c c\u00f4ng c\u1ee5 v\u00e0 k\u1ef9 thu\u1eadt \u0111\u01b0\u1ee3c truy\u1ec1n l\u1ea1i v\u00e0 tinh ch\u1ec9nh t\u1eeb th\u1ebf h\u1ec7 n\u00e0y sang th\u1ebf h\u1ec7 kh\u00e1c.<\/div>\n<h3><\/h3>\n<div><span style=\"font-size: 105%;\"><strong>Th\u00f4ng s\u1ed1 k\u1ef9 thu\u1eadt:<\/strong><\/span><\/div>\n<div>&#8211; V\u1eadt li\u1ec7u: G\u1ed7 c\u00f4ng nghi\u1ec7p MDF, L\u00e1 b\u1ea1c, S\u01a1n m\u00e0i<\/div>\n<div>&#8211; K\u00edch th\u01b0\u1edbc (W x D x H): 460 x 300 x 40 mm<\/div>\n<h3><\/h3>\n<div><span style=\"font-size: 105%;\"><strong>T\u01b0 v\u1ea5n v\u00e0 gi\u00e1 c\u1ea3:<\/strong><\/span><\/div>\n<div>&#8211; S\u1ea3n ph\u1ea9m n\u00e0y ch\u00fang t\u00f4i kh\u00f4ng c\u00f3 s\u1eb5n nh\u01b0ng c\u00f3 th\u1ec3 s\u1ea3n xu\u1ea5t theo \u0111\u01a1n \u0111\u1eb7t h\u00e0ng. Gi\u00e1 tr\u00ean ch\u01b0a bao g\u1ed3m chi ph\u00ed v\u1eadn chuy\u1ec3n v\u00e0 \u00e1p d\u1ee5ng cho s\u1ea3n xu\u1ea5t theo \u0111\u01a1n \u0111\u1eb7t h\u00e0ng s\u1ed1 l\u01b0\u1ee3ng 1 s\u1ea3n ph\u1ea9m.<br \/>\n&#8211; Vui l\u00f2ng t\u00ecm hi\u1ec3u v\u1ec1 c\u00e1c l\u1ef1a ch\u1ecdn c\u1ee7a ch\u00fang t\u00f4i \u0111\u1ec3 s\u1ea3n xu\u1ea5t theo \u0111\u01a1n \u0111\u1eb7t h\u00e0ng v\u00e0 t\u00f9y ch\u1ec9nh l\u1edbp ho\u00e0n thi\u1ec7n: ch\u00fang t\u00f4i s\u1ebd tr\u1ea3 l\u1eddi s\u1edbm.<br \/>\n&#8211; \u0110\u01b0\u1ee3c b\u00e1n b\u1edfi Mai Home D\u00e9cor Pte. Ltd. t\u1ea1i Singapore v\u00e0 \u0111\u01b0\u1ee3c v\u1eadn chuy\u1ec3n t\u1eeb nh\u00e0 m\u00e1y s\u01a1n m\u00e0i c\u1ee7a ch\u00fang t\u00f4i t\u1ea1i Vi\u1ec7t Nam.<\/div>\n<p>&nbsp;<\/p>\n<p>&nbsp;<\/p>\n","protected":false},"excerpt":{"rendered":"<p>M\u00f4 t\u1ea3 s\u1ea3n ph\u1ea9m: &#8211; DELICIA l\u00e0 khay h\u00ecnh ch\u1eef nh\u1eadt \u0111\u1ed9c \u0111\u00e1o \u0111\u01b0\u1ee3c l\u00e0m b\u1eb1ng s\u01a1n m\u00e0i \u0111en v\u00e0 s\u01a1n m\u00e0i l\u00e1 b\u1ea1c Champagne c\u00f3 h\u1ecda ti\u1ebft. Phong c\u00e1ch v\u00e0 ch\u1ee9c n\u0103ng l\u00e0 c\u1ed1t l\u00f5i trong thi\u1ebft k\u1ebf c\u1ee7a n\u00f3. C\u00e1c b\u1ee9c t\u01b0\u1eddng b\u00ean cao b\u1eb1ng m\u1ed9t n\u1eeda t\u1ea1o ra c\u00e1c kho\u1ea3ng tr\u1ed1ng \u1edf&#8230;<\/p>\n","protected":false},"featured_media":4773,"comment_status":"open","ping_status":"closed","template":"","meta":[],"product_cat":[252,258],"product_tag":[352,350],"acf":[],"_links":{"self":[{"href":"https:\/\/www.maihomedecor.com\/vi\/wp-json\/wp\/v2\/product\/3817"}],"collection":[{"href":"https:\/\/www.maihomedecor.com\/vi\/wp-json\/wp\/v2\/product"}],"about":[{"href":"https:\/\/www.maihomedecor.com\/vi\/wp-json\/wp\/v2\/types\/product"}],"replies":[{"embeddable":true,"href":"https:\/\/www.maihomedecor.com\/vi\/wp-json\/wp\/v2\/comments?post=3817"}],"wp:featuredmedia":[{"embeddable":true,"href":"https:\/\/www.maihomedecor.com\/vi\/wp-json\/wp\/v2\/media\/4773"}],"wp:attachment":[{"href":"https:\/\/www.maihomedecor.com\/vi\/wp-json\/wp\/v2\/media?parent=3817"}],"wp:term":[{"taxonomy":"product_cat","embeddable":true,"href":"https:\/\/www.maihomedecor.com\/vi\/wp-json\/wp\/v2\/product_cat?post=3817"},{"taxonomy":"product_tag","embeddable":true,"href":"https:\/\/www.maihomedecor.com\/vi\/wp-json\/wp\/v2\/product_tag?post=3817"}],"curies":[{"name":"wp","href":"https:\/\/api.w.org\/{rel}","templated":true}]}}