{"id":1471,"date":"2024-04-03T01:48:28","date_gmt":"2024-04-02T17:48:28","guid":{"rendered":"https:\/\/demo1.winnet.com.vn\/?post_type=product&#038;p=1471"},"modified":"2024-10-11T16:50:50","modified_gmt":"2024-10-11T08:50:50","slug":"khay-son-mai-tiffany","status":"publish","type":"product","link":"https:\/\/www.maihomedecor.com\/vi\/san-pham\/khay-son-mai-tiffany\/","title":{"rendered":"TIFFANY &#8211; Khay S\u01a1n M\u00e0i"},"content":{"rendered":"<div><span style=\"font-size: 105%;\"><strong>M\u00f4 t\u1ea3 s\u1ea3n ph\u1ea9m:<\/strong><\/span><\/div>\n<div>&#8211; TIFFANY to\u00e1t l\u00ean v\u1ebb thanh l\u1ecbch gi\u1ea3n d\u1ecb: l\u00e0 m\u1ed9t khay s\u01a1n m\u00e0i m\u00e0u xanh navy l\u1edbn c\u00f3 h\u00ecnh b\u1ea7u d\u1ee5c d\u00e0i v\u1edbi nh\u1eefng \u0111\u01b0\u1eddng cong tuy\u1ec7t \u0111\u1eb9p. S\u1ea3n ph\u1ea9m \u0111\u01b0\u1ee3c trang tr\u00ed b\u1eb1ng 2 tay c\u1ea7m trang tr\u00ed t\u00f9y ch\u1ec9nh b\u1eb1ng th\u00e9p kh\u00f4ng g\u1ec9 \u0111\u00e1nh b\u00f3ng.<\/div>\n<div>&#8211; Th\u00edch h\u1ee3p \u0111\u1ec3 \u0111\u1ef1ng \u0111\u1ed3 u\u1ed1ng v\u00e0 \u0111\u1ed3 \u0103n nh\u1eb9 m\u1eb7n. Khi \u0111\u1eb7t tr\u00ean b\u00e0n c\u00e0 ph\u00ea ho\u1eb7c t\u1ee7, n\u00f3 s\u1ebd tr\u1edf th\u00e0nh khay trang tr\u00ed th\u1eddi trang \u0111\u1ec3 tr\u01b0ng b\u00e0y nh\u1eefng \u0111\u1ed3 v\u1eadt qu\u00fd gi\u00e1 c\u1ee7a b\u1ea1n.<br \/>\n<span style=\"color: #282828;\">&#8211; TIFFANY \u0111\u01b0\u1ee3c l\u00e0m th\u1ee7 c\u00f4ng ho\u00e0n to\u00e0n t\u1ea1i nh\u00e0 m\u00e1y Mai Home Decor Vi\u1ec7t Nam b\u1edfi nh\u1eefng ng\u01b0\u1eddi th\u1ee3 s\u01a1n m\u00e0i l\u00e0nh ngh\u1ec1, s\u1eed d\u1ee5ng c\u00e1c c\u00f4ng c\u1ee5 v\u00e0 k\u1ef9 thu\u1eadt \u0111\u01b0\u1ee3c truy\u1ec1n l\u1ea1i v\u00e0 tinh ch\u1ec9nh t\u1eeb th\u1ebf h\u1ec7 n\u00e0y sang th\u1ebf h\u1ec7 kh\u00e1c.<\/span><\/div>\n<h3><\/h3>\n<div><span style=\"font-size: 105%;\"><strong>Th\u00f4ng s\u1ed1 k\u1ef9 thu\u1eadt:<\/strong><\/span><\/div>\n<div>&#8211; V\u1eadt li\u1ec7u: G\u1ed7 c\u00f4ng nghi\u1ec7p MDF, S\u01a1n m\u00e0i, Th\u00e9p kh\u00f4ng g\u1ec9 \u0111\u00e1nh b\u00f3ng<\/div>\n<div>&#8211; K\u00edch th\u01b0\u1edbc (W x D x H): 650 x 370 x 30 mm<\/div>\n<h3><\/h3>\n<p><span style=\"font-size: 105%;\"><strong>Ph\u00ed v\u1eadn chuy\u1ec3n v\u00e0 giao h\u00e0ng:<br \/>\n<\/strong><\/span><span style=\"color: #282828;\">&#8211; Gi\u00e1 tr\u00ean kh\u00f4ng bao g\u1ed3m ph\u00ed v\u1eadn chuy\u1ec3n, ph\u00ed n\u00e0y s\u1ebd \u0111\u01b0\u1ee3c c\u1ed9ng th\u00eam khi b\u1ea1n thanh to\u00e1n. T\u1ed5ng s\u1ed1 ti\u1ec1n ph\u1ea3i tr\u1ea3 bao g\u1ed3m s\u1ea3n ph\u1ea9m v\u00e0 chi ph\u00ed v\u1eadn chuy\u1ec3n s\u1ebd \u0111\u01b0\u1ee3c hi\u1ec3n th\u1ecb.<\/span><br \/>\n<span style=\"color: #282828;\">&#8211; \u0110\u01b0\u1ee3c b\u00e1n b\u1edfi Mai Home D\u00e9cor Pte. Ltd. t\u1ea1i Singapore v\u00e0 \u0111\u01b0\u1ee3c v\u1eadn chuy\u1ec3n t\u1eeb nh\u00e0 m\u00e1y s\u01a1n m\u00e0i c\u1ee7a ch\u00fang t\u00f4i t\u1ea1i Vi\u1ec7t Nam.<\/span><\/p>\n","protected":false},"excerpt":{"rendered":"<p>M\u00f4 t\u1ea3 s\u1ea3n ph\u1ea9m: &#8211; TIFFANY to\u00e1t l\u00ean v\u1ebb thanh l\u1ecbch gi\u1ea3n d\u1ecb: l\u00e0 m\u1ed9t khay s\u01a1n m\u00e0i m\u00e0u xanh navy l\u1edbn c\u00f3 h\u00ecnh b\u1ea7u d\u1ee5c d\u00e0i v\u1edbi nh\u1eefng \u0111\u01b0\u1eddng cong tuy\u1ec7t \u0111\u1eb9p. S\u1ea3n ph\u1ea9m \u0111\u01b0\u1ee3c trang tr\u00ed b\u1eb1ng 2 tay c\u1ea7m trang tr\u00ed t\u00f9y ch\u1ec9nh b\u1eb1ng th\u00e9p kh\u00f4ng g\u1ec9 \u0111\u00e1nh b\u00f3ng. &#8211; Th\u00edch h\u1ee3p&#8230;<\/p>\n","protected":false},"featured_media":2088,"comment_status":"open","ping_status":"closed","template":"","meta":[],"product_cat":[252,258],"product_tag":[352,350],"acf":[],"_links":{"self":[{"href":"https:\/\/www.maihomedecor.com\/vi\/wp-json\/wp\/v2\/product\/1471"}],"collection":[{"href":"https:\/\/www.maihomedecor.com\/vi\/wp-json\/wp\/v2\/product"}],"about":[{"href":"https:\/\/www.maihomedecor.com\/vi\/wp-json\/wp\/v2\/types\/product"}],"replies":[{"embeddable":true,"href":"https:\/\/www.maihomedecor.com\/vi\/wp-json\/wp\/v2\/comments?post=1471"}],"wp:featuredmedia":[{"embeddable":true,"href":"https:\/\/www.maihomedecor.com\/vi\/wp-json\/wp\/v2\/media\/2088"}],"wp:attachment":[{"href":"https:\/\/www.maihomedecor.com\/vi\/wp-json\/wp\/v2\/media?parent=1471"}],"wp:term":[{"taxonomy":"product_cat","embeddable":true,"href":"https:\/\/www.maihomedecor.com\/vi\/wp-json\/wp\/v2\/product_cat?post=1471"},{"taxonomy":"product_tag","embeddable":true,"href":"https:\/\/www.maihomedecor.com\/vi\/wp-json\/wp\/v2\/product_tag?post=1471"}],"curies":[{"name":"wp","href":"https:\/\/api.w.org\/{rel}","templated":true}]}}