{"id":1441,"date":"2024-04-03T09:23:01","date_gmt":"2024-04-03T01:23:01","guid":{"rendered":"https:\/\/demo1.winnet.com.vn\/?post_type=product&#038;p=1441"},"modified":"2024-10-11T11:51:26","modified_gmt":"2024-10-11T03:51:26","slug":"dau-bao-son-mai-chan-giay","status":"publish","type":"product","link":"https:\/\/www.maihomedecor.com\/vi\/san-pham\/dau-bao-son-mai-chan-giay\/","title":{"rendered":"THE PANTHER HEAD &#8211; Ch\u1eb7n Gi\u1ea5y S\u01a1n M\u00e0i B\u1ea1c"},"content":{"rendered":"<div><span style=\"font-size: 105%;\"><strong>M\u00f4 t\u1ea3 s\u1ea3n ph\u1ea9m:<\/strong><\/span><\/div>\n<div>&#8211; THE PANTHER HEAD l\u00e0 t\u01b0\u1ee3ng ki\u00eam t\u01b0\u1ee3ng ch\u1eb7n gi\u1ea5y s\u01a1n m\u00e0i kim lo\u1ea1i m\u00e0u x\u00e1m b\u1ea1c.<\/div>\n<div>&#8211; Tay ngh\u1ec1 th\u1ee7 c\u00f4ng tinh x\u1ea3o v\u00e0 nh\u1eefng \u0111\u01b0\u1eddng cong thi\u1ebft k\u1ebf ph\u1ee9c t\u1ea1p mang \u0111\u1ebfn s\u1ef1 thanh l\u1ecbch cho THE PANTHER HEAD: \u0111\u00e2y l\u00e0 ng\u01b0\u1eddi b\u1ea1n \u0111\u1ed3ng h\u00e0nh \u0111\u1ea7y phong c\u00e1ch tr\u00ean b\u00e0n l\u00e0m vi\u1ec7c.<br \/>\n<span style=\"color: #282828;\">&#8211; S\u1ea3n ph\u1ea9m \u0111\u01b0\u1ee3c l\u00e0m th\u1ee7 c\u00f4ng ho\u00e0n to\u00e0n t\u1ea1i nh\u00e0 m\u00e1y Mai Home Decor Vi\u1ec7t Nam b\u1edfi nh\u1eefng ng\u01b0\u1eddi th\u1ee3 s\u01a1n m\u00e0i l\u00e0nh ngh\u1ec1, s\u1eed d\u1ee5ng c\u00e1c c\u00f4ng c\u1ee5 v\u00e0 k\u1ef9 thu\u1eadt \u0111\u01b0\u1ee3c truy\u1ec1n l\u1ea1i v\u00e0 tinh ch\u1ec9nh t\u1eeb th\u1ebf h\u1ec7 n\u00e0y sang th\u1ebf h\u1ec7 kh\u00e1c.<\/span><\/div>\n<h3><\/h3>\n<div><span style=\"font-size: 105%;\"><strong>Th\u00f4ng s\u1ed1 k\u1ef9 thu\u1eadt:<\/strong><\/span><\/div>\n<div>&#8211; V\u1eadt li\u1ec7u: Nh\u1ef1a, S\u01a1n m\u00e0i<\/div>\n<div>&#8211; K\u00edch th\u01b0\u1edbc (W x D x H): 130 x 75 x 90 mm<\/div>\n<h3><\/h3>\n<div><span style=\"font-size: 105%;\"><strong>Ph\u00ed v\u1eadn chuy\u1ec3n v\u00e0 giao h\u00e0ng:<\/strong><\/span><\/div>\n<div><span style=\"color: #282828;\">&#8211; Gi\u00e1 tr\u00ean kh\u00f4ng bao g\u1ed3m ph\u00ed v\u1eadn chuy\u1ec3n, ph\u00ed n\u00e0y s\u1ebd \u0111\u01b0\u1ee3c c\u1ed9ng th\u00eam khi b\u1ea1n thanh to\u00e1n. T\u1ed5ng s\u1ed1 ti\u1ec1n ph\u1ea3i tr\u1ea3 bao g\u1ed3m s\u1ea3n ph\u1ea9m v\u00e0 chi ph\u00ed v\u1eadn chuy\u1ec3n s\u1ebd \u0111\u01b0\u1ee3c hi\u1ec3n th\u1ecb.<br \/>\n&#8211; \u0110\u01b0\u1ee3c b\u00e1n b\u1edfi Mai Home D\u00e9cor Pte. Ltd. t\u1ea1i Singapore v\u00e0 \u0111\u01b0\u1ee3c v\u1eadn chuy\u1ec3n t\u1eeb nh\u00e0 m\u00e1y s\u01a1n m\u00e0i c\u1ee7a ch\u00fang t\u00f4i t\u1ea1i Vi\u1ec7t Nam.<\/span><\/div>\n","protected":false},"excerpt":{"rendered":"<p>M\u00f4 t\u1ea3 s\u1ea3n ph\u1ea9m: &#8211; THE PANTHER HEAD l\u00e0 t\u01b0\u1ee3ng ki\u00eam t\u01b0\u1ee3ng ch\u1eb7n gi\u1ea5y s\u01a1n m\u00e0i kim lo\u1ea1i m\u00e0u x\u00e1m b\u1ea1c. &#8211; Tay ngh\u1ec1 th\u1ee7 c\u00f4ng tinh x\u1ea3o v\u00e0 nh\u1eefng \u0111\u01b0\u1eddng cong thi\u1ebft k\u1ebf ph\u1ee9c t\u1ea1p mang \u0111\u1ebfn s\u1ef1 thanh l\u1ecbch cho THE PANTHER HEAD: \u0111\u00e2y l\u00e0 ng\u01b0\u1eddi b\u1ea1n \u0111\u1ed3ng h\u00e0nh \u0111\u1ea7y phong c\u00e1ch tr\u00ean&#8230;<\/p>\n","protected":false},"featured_media":2214,"comment_status":"open","ping_status":"closed","template":"","meta":[],"product_cat":[252,255],"product_tag":[453,350],"acf":[],"_links":{"self":[{"href":"https:\/\/www.maihomedecor.com\/vi\/wp-json\/wp\/v2\/product\/1441"}],"collection":[{"href":"https:\/\/www.maihomedecor.com\/vi\/wp-json\/wp\/v2\/product"}],"about":[{"href":"https:\/\/www.maihomedecor.com\/vi\/wp-json\/wp\/v2\/types\/product"}],"replies":[{"embeddable":true,"href":"https:\/\/www.maihomedecor.com\/vi\/wp-json\/wp\/v2\/comments?post=1441"}],"wp:featuredmedia":[{"embeddable":true,"href":"https:\/\/www.maihomedecor.com\/vi\/wp-json\/wp\/v2\/media\/2214"}],"wp:attachment":[{"href":"https:\/\/www.maihomedecor.com\/vi\/wp-json\/wp\/v2\/media?parent=1441"}],"wp:term":[{"taxonomy":"product_cat","embeddable":true,"href":"https:\/\/www.maihomedecor.com\/vi\/wp-json\/wp\/v2\/product_cat?post=1441"},{"taxonomy":"product_tag","embeddable":true,"href":"https:\/\/www.maihomedecor.com\/vi\/wp-json\/wp\/v2\/product_tag?post=1441"}],"curies":[{"name":"wp","href":"https:\/\/api.w.org\/{rel}","templated":true}]}}