{"id":971,"date":"2024-06-08T00:00:55","date_gmt":"2024-06-07T16:00:55","guid":{"rendered":"https:\/\/demo1.winnet.com.vn\/?page_id=971"},"modified":"2024-11-28T17:24:23","modified_gmt":"2024-11-28T09:24:23","slug":"danh-muc-san-pham","status":"publish","type":"page","link":"https:\/\/www.maihomedecor.com\/vi\/bo-suu-tap\/danh-muc-san-pham\/","title":{"rendered":"Danh m\u1ee5c s\u1ea3n ph\u1ea9m"},"content":{"rendered":"<p>Ch\u00fang t\u00f4i kh\u00f4ng chia s\u1ebb danh m\u1ee5c s\u1ea3n ph\u1ea9m \u0111\u1ed3 n\u1ed9i th\u1ea5t s\u01a1n m\u00e0i, \u0111\u00e8n s\u01a1n m\u00e0i, ph\u1ee5 ki\u1ec7n s\u01a1n m\u00e0i v\u00e0 tranh s\u01a1n m\u00e0i v\u00ec ch\u00fang ch\u1ec9 d\u00e0nh cho m\u1ee5c \u0111\u00edch \u201ch\u1ea1n ch\u1ebf s\u1eed d\u1ee5ng\u201d.<\/p>\n<p>Ch\u00fang t\u00f4i s\u1ebd chia s\u1ebb ch\u00fang v\u1edbi c\u00e1c kh\u00e1ch h\u00e0ng th\u01b0\u01a1ng m\u1ea1i hi\u1ec7n t\u1ea1i ho\u1eb7c c\u00e1c kh\u00e1ch h\u00e0ng ti\u1ec1m n\u0103ng (nh\u00e0 ph\u00e2n ph\u1ed1i, nh\u00e0 b\u00e1n bu\u00f4n, nh\u00e0 b\u00e1n l\u1ebb): &#8211; nh\u1eefng ng\u01b0\u1eddi \u0111\u00e3 tr\u1ef1c ti\u1ebfp h\u1ecfi th\u0103m v\u00e0 \u0111\u0103ng k\u00fd v\u1edbi ch\u00fang t\u00f4i &#8211; nh\u1eefng ng\u01b0\u1eddi \u0111\u00e3 cung c\u1ea5p cho ch\u00fang t\u00f4i b\u1eb1ng ch\u1ee9ng r\u1eb1ng h\u1ecd l\u00e0 nh\u1eefng ng\u01b0\u1eddi tham gia th\u01b0\u01a1ng m\u1ea1i th\u1ef1c s\u1ef1 trong th\u1ecb tr\u01b0\u1eddng \u0111\u1ed3 n\u1ed9i th\u1ea5t \/ \u0111\u00e8n \/ ph\u1ee5 ki\u1ec7n trang tr\u00ed nh\u00e0 c\u1eeda<\/p>\n<p>N\u1ebfu b\u1ea1n l\u00e0 \u0111\u1ed1i t\u00e1c th\u01b0\u01a1ng m\u1ea1i ti\u1ec1m n\u0103ng quan t\u00e2m \u0111\u1ebfn s\u1ea3n ph\u1ea9m s\u01a1n m\u00e0i c\u1ee7a Mai Home D\u00e9cor, vui l\u00f2ng li\u00ean h\u1ec7 v\u1edbi ch\u00fang t\u00f4i \u0111\u1ec3 b\u1eaft \u0111\u1ea7u th\u1ea3o lu\u1eadn.<\/p>\n<div class=\"row\"  id=\"row-1379137610\">\n\n\t<div id=\"col-1228210652\" class=\"col small-12 large-12\"  >\n\t\t\t\t<div class=\"col-inner text-center\"  >\n\t\t\t\n\t\t\t\n<a href=\"https:\/\/maihomedecor.com\/vi\/lien-he\/\" target=\"_self\" class=\"button primary\"  style=\"border-radius:10px;\">\n    <span>LI\u00caN H\u1ec6 CH\u00daNG T\u00d4I<\/span>\n  <\/a>\n\n\t\t<\/div>\n\t\t\t\t\t<\/div>\n\n\t\n<\/div>\n","protected":false},"excerpt":{"rendered":"<p>Ch\u00fang t\u00f4i kh\u00f4ng chia s\u1ebb danh m\u1ee5c s\u1ea3n ph\u1ea9m \u0111\u1ed3 n\u1ed9i th\u1ea5t s\u01a1n m\u00e0i, \u0111\u00e8n s\u01a1n m\u00e0i, ph\u1ee5 ki\u1ec7n s\u01a1n m\u00e0i v\u00e0 tranh s\u01a1n m\u00e0i v\u00ec ch\u00fang ch\u1ec9 d\u00e0nh cho m\u1ee5c \u0111\u00edch \u201ch\u1ea1n ch\u1ebf s\u1eed d\u1ee5ng\u201d. Ch\u00fang t\u00f4i s\u1ebd chia s\u1ebb ch\u00fang v\u1edbi c\u00e1c kh\u00e1ch h\u00e0ng th\u01b0\u01a1ng m\u1ea1i hi\u1ec7n t\u1ea1i ho\u1eb7c c\u00e1c kh\u00e1ch h\u00e0ng ti\u1ec1m&#8230;<\/p>\n","protected":false},"author":2,"featured_media":0,"parent":475,"menu_order":3,"comment_status":"closed","ping_status":"closed","template":"","meta":{"footnotes":""},"acf":[],"_links":{"self":[{"href":"https:\/\/www.maihomedecor.com\/vi\/wp-json\/wp\/v2\/pages\/971"}],"collection":[{"href":"https:\/\/www.maihomedecor.com\/vi\/wp-json\/wp\/v2\/pages"}],"about":[{"href":"https:\/\/www.maihomedecor.com\/vi\/wp-json\/wp\/v2\/types\/page"}],"author":[{"embeddable":true,"href":"https:\/\/www.maihomedecor.com\/vi\/wp-json\/wp\/v2\/users\/2"}],"replies":[{"embeddable":true,"href":"https:\/\/www.maihomedecor.com\/vi\/wp-json\/wp\/v2\/comments?post=971"}],"version-history":[{"count":18,"href":"https:\/\/www.maihomedecor.com\/vi\/wp-json\/wp\/v2\/pages\/971\/revisions"}],"predecessor-version":[{"id":4492,"href":"https:\/\/www.maihomedecor.com\/vi\/wp-json\/wp\/v2\/pages\/971\/revisions\/4492"}],"up":[{"embeddable":true,"href":"https:\/\/www.maihomedecor.com\/vi\/wp-json\/wp\/v2\/pages\/475"}],"wp:attachment":[{"href":"https:\/\/www.maihomedecor.com\/vi\/wp-json\/wp\/v2\/media?parent=971"}],"curies":[{"name":"wp","href":"https:\/\/api.w.org\/{rel}","templated":true}]}}